{"id":8705,"date":"2021-05-01T17:08:07","date_gmt":"2021-05-01T15:08:07","guid":{"rendered":"https:\/\/asso-emile.org\/communication\/?post_type=product&#038;p=8705"},"modified":"2021-12-30T16:49:05","modified_gmt":"2021-12-30T15:49:05","slug":"aucun-rapport","status":"publish","type":"product","link":"https:\/\/asso-emile.org\/communication\/produit\/aucun-rapport\/","title":{"rendered":"Aucun rapport"},"content":{"rendered":"<div id=\"attachment_8708\" style=\"width: 310px\" class=\"wp-caption alignleft\"><img fetchpriority=\"high\" decoding=\"async\" aria-describedby=\"caption-attachment-8708\" class=\"size-medium wp-image-8708\" src=\"https:\/\/asso-emile.org\/communication\/wp-content\/uploads\/2021\/12\/Lucien-frau-300x300.jpg\" alt=\"\" width=\"300\" height=\"300\" srcset=\"https:\/\/asso-emile.org\/communication\/wp-content\/uploads\/2021\/12\/Lucien-frau-300x300.jpg 300w, https:\/\/asso-emile.org\/communication\/wp-content\/uploads\/2021\/12\/Lucien-frau-100x100.jpg 100w, https:\/\/asso-emile.org\/communication\/wp-content\/uploads\/2021\/12\/Lucien-frau-150x150.jpg 150w, https:\/\/asso-emile.org\/communication\/wp-content\/uploads\/2021\/12\/Lucien-frau.jpg 350w\" sizes=\"(max-width: 300px) 100vw, 300px\" \/><p id=\"caption-attachment-8708\" class=\"wp-caption-text\">Lucien Frau<\/p><\/div>\n<p>Depuis toujours : po\u00e8te, enfin para\u00eet-il et me dit-on.<br \/>\nMaintenant et jusqu\u2019au bout du chemin : auteur et vice-pr\u00e9sident de la PETITE \u00c9DITION, grande par sa richesse.<br \/>\nMilitant environnementaliste, membre du MNLE National et pr\u00e9sident du comit\u00e9 des Bouches du Rh\u00f4ne, coop\u00e9rant avec \u00c9mile communication et l\u2019atelier des arts. Militant syndicaliste \u00e0 la CGT.<\/p>\n","protected":false},"excerpt":{"rendered":"<p>J&rsquo;avais 19 ans \u00e0 l&rsquo;\u00e9t\u00e9 1977 et j&rsquo;\u00e9tais m\u00e9canicien chez Renault ; C&rsquo;est l\u00e0 que je connus Raymond Jean, je bricolais d\u00e9j\u00e0 quelques mots et l&rsquo;homme de paix, de progr\u00e8s social et po\u00e8te m&rsquo;avait encourag\u00e9.<br \/>\nAu sein des structures de sant\u00e9 du grand conseil de la mutualit\u00e9, je fus ensuite aide soignant avec tout ce que cela entend de d\u00e9tresses et de joies, c&rsquo;\u00e9tait mon chemin!<br \/>\nMon engagement militant pour la justice sociale ainsi qu&rsquo;une autre voie pour l&rsquo;humanit\u00e9, m&rsquo;a permis d&rsquo;appr\u00e9hender la culture ouvri\u00e8re, rude et g\u00e9n\u00e9reuse, solidaire et fraternelle, dont je me nourris tous les jours, avec convictions et respect. Ce respect qui est tout aussi fort pour la nature et l&rsquo;essentiel du vivant.<br \/>\nMerci \u00e0 vous, \u00e0 qui je propose ces mots rebelles, pour un partage sans fin, comme les vagues sur la gr\u00e8ve.<\/p>\n","protected":false},"featured_media":8706,"comment_status":"open","ping_status":"closed","template":"","meta":[],"product_brand":[],"product_cat":[24],"product_tag":[25],"class_list":{"0":"post-8705","1":"product","2":"type-product","3":"status-publish","4":"has-post-thumbnail","6":"product_cat-recueil","7":"product_tag-poesie","8":"post","9":"post-with-thumbnail","10":"post-with-thumbnail-large","12":"first","13":"instock","14":"shipping-taxable","15":"purchasable","16":"product-type-simple"},"_links":{"self":[{"href":"https:\/\/asso-emile.org\/communication\/wp-json\/wp\/v2\/product\/8705","targetHints":{"allow":["GET"]}}],"collection":[{"href":"https:\/\/asso-emile.org\/communication\/wp-json\/wp\/v2\/product"}],"about":[{"href":"https:\/\/asso-emile.org\/communication\/wp-json\/wp\/v2\/types\/product"}],"replies":[{"embeddable":true,"href":"https:\/\/asso-emile.org\/communication\/wp-json\/wp\/v2\/comments?post=8705"}],"wp:featuredmedia":[{"embeddable":true,"href":"https:\/\/asso-emile.org\/communication\/wp-json\/wp\/v2\/media\/8706"}],"wp:attachment":[{"href":"https:\/\/asso-emile.org\/communication\/wp-json\/wp\/v2\/media?parent=8705"}],"wp:term":[{"taxonomy":"product_brand","embeddable":true,"href":"https:\/\/asso-emile.org\/communication\/wp-json\/wp\/v2\/product_brand?post=8705"},{"taxonomy":"product_cat","embeddable":true,"href":"https:\/\/asso-emile.org\/communication\/wp-json\/wp\/v2\/product_cat?post=8705"},{"taxonomy":"product_tag","embeddable":true,"href":"https:\/\/asso-emile.org\/communication\/wp-json\/wp\/v2\/product_tag?post=8705"}],"curies":[{"name":"wp","href":"https:\/\/api.w.org\/{rel}","templated":true}]}}