{"id":8701,"date":"2021-12-10T16:54:47","date_gmt":"2021-12-10T15:54:47","guid":{"rendered":"https:\/\/asso-emile.org\/communication\/?post_type=product&#038;p=8701"},"modified":"2022-01-13T11:47:13","modified_gmt":"2022-01-13T10:47:13","slug":"poemes-de-lan-et-fraternelles-militances","status":"publish","type":"product","link":"https:\/\/asso-emile.org\/communication\/produit\/poemes-de-lan-et-fraternelles-militances\/","title":{"rendered":"Po\u00e8mes de l&rsquo;an et fraternelles militances"},"content":{"rendered":"<p><img fetchpriority=\"high\" decoding=\"async\" class=\"alignleft wp-image-8352 size-medium\" src=\"https:\/\/asso-emile.org\/communication\/wp-content\/uploads\/2021\/04\/4-Photo-de-lauteur-Andre\u0301-Prone-215x300.jpg\" alt=\"\" width=\"215\" height=\"300\" srcset=\"https:\/\/asso-emile.org\/communication\/wp-content\/uploads\/2021\/04\/4-Photo-de-lauteur-Andre\u0301-Prone-215x300.jpg 215w, https:\/\/asso-emile.org\/communication\/wp-content\/uploads\/2021\/04\/4-Photo-de-lauteur-Andre\u0301-Prone.jpg 319w\" sizes=\"(max-width: 215px) 100vw, 215px\" \/><\/p>\n<p><strong>Andr\u00e9 Prone<\/strong> est n\u00e9 \u00e0 Marseille. Fils d\u2019immigr\u00e9s italiens, militant de toujours, \u00e9tudiant tout en travaillant, il a connu les ann\u00e9es difficiles. La po\u00e9sie rencontr\u00e9e sur le tard est devenue pour lui d&rsquo;une importance capitale surtout apr\u00e8s la d\u00e9couverte des po\u00e8mes de Paul \u00c9luard. Collaborant \u00e0 diverses revues nationales et internationales de po\u00e9sie, auteur de vingt-deux recueils pour certains desquels il a obtenu le Grand Prix National de Po\u00e9sie Paul Valery, le Prix Camille Pujol et la Palme d&rsquo;Or du Prix Joachin du Bellay, il a aussi publi\u00e9 de nombreux essais et autres ouvrages scientifiques. Environnementaliste, il est actuellement Pr\u00e9sident du conseil scientifique du MNLE R\u00e9seau Homme&amp;Nature.<\/p>\n","protected":false},"excerpt":{"rendered":"<p>\u00c0 travers un long voyage ponctu\u00e9 par le d\u00e9filement des ans et les fraternelles militances, le recueil d&rsquo;Andr\u00e9 Prone nous entra\u00eene vers un ailleurs fabuleux et fragile qui \u00e9voque de lointains ou de bien pr\u00e9sents souvenirs. Son approche est celle du r\u00eave \u00e9veill\u00e9 d&rsquo;un amour\/action qui n&rsquo;est pas qu&rsquo;imagination, mais v\u00e9rit\u00e9 d\u00e9sirante nourrie de rapports entre les \u00eatres. V\u00e9rit\u00e9 qui se dit tr\u00e8s vite et que mat\u00e9rialise d&rsquo;in\u00e9vitables pages de d\u00e9samour. Et m\u00eame si l&rsquo;auteur aime go\u00fbter aux \u00e9l\u00e9gances de vocabulaire, sans doute est-ce la simplicit\u00e9 qui donne \u00e0 ces ans emplis de joies et de douleurs le parfum d&rsquo;une vie faite de toutes les vies. Et si sa quotidiennet\u00e9 est parfois teint\u00e9e de nostalgie, elle ne peut nier l&rsquo;esprit de lutte socialement productif qui transcende son univers po\u00e9tique. Dans le fond, si ce recueil aspire \u00e0 s&rsquo;accorder avec la libert\u00e9, il nous invite aussi \u00e0 ouvrir les yeux pour sortir de ce monde qui nous ali\u00e8ne, tant l&rsquo;esprit de marchandisation et l&rsquo;oubli de l&rsquo;amour des hommes et des femmes sont puissants.<\/p>\n","protected":false},"featured_media":8703,"comment_status":"open","ping_status":"closed","template":"","meta":[],"product_brand":[],"product_cat":[24],"product_tag":[25],"class_list":{"0":"post-8701","1":"product","2":"type-product","3":"status-publish","4":"has-post-thumbnail","6":"product_cat-recueil","7":"product_tag-poesie","8":"post","9":"post-with-thumbnail","10":"post-with-thumbnail-large","12":"first","13":"instock","14":"shipping-taxable","15":"purchasable","16":"product-type-simple"},"_links":{"self":[{"href":"https:\/\/asso-emile.org\/communication\/wp-json\/wp\/v2\/product\/8701","targetHints":{"allow":["GET"]}}],"collection":[{"href":"https:\/\/asso-emile.org\/communication\/wp-json\/wp\/v2\/product"}],"about":[{"href":"https:\/\/asso-emile.org\/communication\/wp-json\/wp\/v2\/types\/product"}],"replies":[{"embeddable":true,"href":"https:\/\/asso-emile.org\/communication\/wp-json\/wp\/v2\/comments?post=8701"}],"wp:featuredmedia":[{"embeddable":true,"href":"https:\/\/asso-emile.org\/communication\/wp-json\/wp\/v2\/media\/8703"}],"wp:attachment":[{"href":"https:\/\/asso-emile.org\/communication\/wp-json\/wp\/v2\/media?parent=8701"}],"wp:term":[{"taxonomy":"product_brand","embeddable":true,"href":"https:\/\/asso-emile.org\/communication\/wp-json\/wp\/v2\/product_brand?post=8701"},{"taxonomy":"product_cat","embeddable":true,"href":"https:\/\/asso-emile.org\/communication\/wp-json\/wp\/v2\/product_cat?post=8701"},{"taxonomy":"product_tag","embeddable":true,"href":"https:\/\/asso-emile.org\/communication\/wp-json\/wp\/v2\/product_tag?post=8701"}],"curies":[{"name":"wp","href":"https:\/\/api.w.org\/{rel}","templated":true}]}}