{"id":8695,"date":"2021-11-15T16:26:44","date_gmt":"2021-11-15T15:26:44","guid":{"rendered":"https:\/\/asso-emile.org\/communication\/?post_type=product&#038;p=8695"},"modified":"2021-12-29T16:49:04","modified_gmt":"2021-12-29T15:49:04","slug":"des-etangs-du-soleil-a-decouvrir","status":"publish","type":"product","link":"https:\/\/asso-emile.org\/communication\/produit\/des-etangs-du-soleil-a-decouvrir\/","title":{"rendered":"Des \u00e9tangs du soleil \u00e0 d\u00e9couvrir"},"content":{"rendered":"<p><strong><img fetchpriority=\"high\" decoding=\"async\" class=\"alignleft size-medium wp-image-8696\" src=\"https:\/\/asso-emile.org\/communication\/wp-content\/uploads\/2021\/12\/JeanClaude-Cheinet-300x241.jpg\" alt=\"Jean Claude Cheinet\" width=\"300\" height=\"241\" srcset=\"https:\/\/asso-emile.org\/communication\/wp-content\/uploads\/2021\/12\/JeanClaude-Cheinet-300x241.jpg 300w, https:\/\/asso-emile.org\/communication\/wp-content\/uploads\/2021\/12\/JeanClaude-Cheinet-600x482.jpg 600w, https:\/\/asso-emile.org\/communication\/wp-content\/uploads\/2021\/12\/JeanClaude-Cheinet.jpg 676w\" sizes=\"(max-width: 300px) 100vw, 300px\" \/>Jean Claude Cheinet<\/strong> est g\u00e9ographe, ancien Charg\u00e9 de mission au Conseil R\u00e9gional (1981\/86)<br \/>\nancien Maire Adjoint \u00e0 Martigues (1989\/2008), responsable associatif et administrateur du MNLE<\/p>\n","protected":false},"excerpt":{"rendered":"<p>Jean Claude Cheinet livre ici une longue exp\u00e9rience d\u2019acteur et de t\u00e9moin des d\u00e9bats sur l\u2019am\u00e9nagement d\u2019une zone complexe o\u00f9 se retrouvent la plupart des grandes questions \u00e9cologiques dans leurs aspects nature comme dans leurs aspects industriels et urbains. Une r\u00e9gion m\u00e9connue et souvent caricatur\u00e9e alors qu\u2019elle rec\u00e8le un potentiel consid\u00e9rable. Un cadre vivant de d\u00e9bats violents et une richesse environnementale souvent insoup\u00e7onn\u00e9e.<\/p>\n","protected":false},"featured_media":8698,"comment_status":"open","ping_status":"closed","template":"","meta":[],"product_brand":[],"product_cat":[20],"product_tag":[],"class_list":{"0":"post-8695","1":"product","2":"type-product","3":"status-publish","4":"has-post-thumbnail","6":"product_cat-livres","7":"post","8":"post-with-thumbnail","9":"post-with-thumbnail-large","11":"first","12":"instock","13":"shipping-taxable","14":"purchasable","15":"product-type-simple"},"_links":{"self":[{"href":"https:\/\/asso-emile.org\/communication\/wp-json\/wp\/v2\/product\/8695","targetHints":{"allow":["GET"]}}],"collection":[{"href":"https:\/\/asso-emile.org\/communication\/wp-json\/wp\/v2\/product"}],"about":[{"href":"https:\/\/asso-emile.org\/communication\/wp-json\/wp\/v2\/types\/product"}],"replies":[{"embeddable":true,"href":"https:\/\/asso-emile.org\/communication\/wp-json\/wp\/v2\/comments?post=8695"}],"wp:featuredmedia":[{"embeddable":true,"href":"https:\/\/asso-emile.org\/communication\/wp-json\/wp\/v2\/media\/8698"}],"wp:attachment":[{"href":"https:\/\/asso-emile.org\/communication\/wp-json\/wp\/v2\/media?parent=8695"}],"wp:term":[{"taxonomy":"product_brand","embeddable":true,"href":"https:\/\/asso-emile.org\/communication\/wp-json\/wp\/v2\/product_brand?post=8695"},{"taxonomy":"product_cat","embeddable":true,"href":"https:\/\/asso-emile.org\/communication\/wp-json\/wp\/v2\/product_cat?post=8695"},{"taxonomy":"product_tag","embeddable":true,"href":"https:\/\/asso-emile.org\/communication\/wp-json\/wp\/v2\/product_tag?post=8695"}],"curies":[{"name":"wp","href":"https:\/\/api.w.org\/{rel}","templated":true}]}}