{"id":8348,"date":"2021-04-20T12:34:28","date_gmt":"2021-04-20T10:34:28","guid":{"rendered":"https:\/\/asso-emile.org\/communication\/?post_type=product&#038;p=8348"},"modified":"2021-10-14T11:50:11","modified_gmt":"2021-10-14T09:50:11","slug":"lenfant-et-le-vieil-homme-qatar-2022","status":"publish","type":"product","link":"https:\/\/asso-emile.org\/communication\/produit\/lenfant-et-le-vieil-homme-qatar-2022\/","title":{"rendered":"L\u2019enfant et le vieil homme, Qatar 2022"},"content":{"rendered":"<p><strong><\/strong><\/p>\n<p><div id=\"attachment_8350\" style=\"width: 101px\" class=\"wp-caption alignleft\"><img decoding=\"async\" aria-describedby=\"caption-attachment-8350\" src=\"https:\/\/asso-emile.org\/communication\/wp-content\/uploads\/2021\/10\/Gerard-Piel.png\" alt=\"\" width=\"91\" height=\"189\" class=\"size-full wp-image-8350\" \/><p id=\"caption-attachment-8350\" class=\"wp-caption-text\">G\u00e9rard Piel<\/p><\/div><strong>G\u00e9rard Piel<\/strong> continue de gratter les cro\u00fbtes infect\u00e9es de notre soci\u00e9t\u00e9. Il vous fait d\u00e9couvrir en avant-premi\u00e8re l&rsquo;ann\u00e9e 2022 et ses turpitudes. Il garde pourtant l&rsquo;espoir que l&rsquo;utopie croisera la r\u00e9alit\u00e9.<\/p>\n","protected":false},"excerpt":{"rendered":"<p>L&rsquo;\u00e9t\u00e9 2022, les derniers pr\u00e9paratifs de la coupe du monde de foot\u00acball se terminent au Qatar. Les derniers relents de la pand\u00e9mie s&rsquo;effacent et \u00ab Le monde d&rsquo;apr\u00e8s \u00bb ressemble beaucoup \u00e0 celui d&rsquo;avant. Le foot business, le terrorisme, l&rsquo;arrogance des milliardaires enrichis pendant la crise sanitaire, des r\u00e9fugi\u00e9s squatteurs, un enfant dou\u00e9 pour le football et un vieil homme qui parle aux arbres sont les principaux ingr\u00e9dients de ce roman noir, cruel et dr\u00f4le. Vous d\u00e9gusterez la pissaladi\u00e8re de Veziano et d&rsquo;autres sp\u00e9cialit\u00e9s culinaires. Vous croiserez \u00ab Cl\u00e9ment d&rsquo;Antibes \u00bb, le supporter num\u00e9ro un de l&rsquo;\u00e9quipe de France de football ; Donald Trump ;Karim Benzema et d&rsquo;autres sportifs. Vous assisterez au match inaugural du mondial entre le Qatar et la France!<br \/>\nCe nouvel \u00e9pisode des aventures de la bande \u00e0 Maris vous baladera de la Villa Thuret du Cap d&rsquo;Antibes, au S\u00e9n\u00e9gal, en passant par le Qatar&#8230;<\/p>\n","protected":false},"featured_media":8344,"comment_status":"open","ping_status":"closed","template":"","meta":[],"product_brand":[],"product_cat":[20],"product_tag":[],"class_list":{"0":"post-8348","1":"product","2":"type-product","3":"status-publish","4":"has-post-thumbnail","6":"product_cat-livres","7":"post","8":"post-with-thumbnail","9":"post-with-thumbnail-large","11":"first","12":"instock","13":"shipping-taxable","14":"purchasable","15":"product-type-simple"},"_links":{"self":[{"href":"https:\/\/asso-emile.org\/communication\/wp-json\/wp\/v2\/product\/8348","targetHints":{"allow":["GET"]}}],"collection":[{"href":"https:\/\/asso-emile.org\/communication\/wp-json\/wp\/v2\/product"}],"about":[{"href":"https:\/\/asso-emile.org\/communication\/wp-json\/wp\/v2\/types\/product"}],"replies":[{"embeddable":true,"href":"https:\/\/asso-emile.org\/communication\/wp-json\/wp\/v2\/comments?post=8348"}],"wp:featuredmedia":[{"embeddable":true,"href":"https:\/\/asso-emile.org\/communication\/wp-json\/wp\/v2\/media\/8344"}],"wp:attachment":[{"href":"https:\/\/asso-emile.org\/communication\/wp-json\/wp\/v2\/media?parent=8348"}],"wp:term":[{"taxonomy":"product_brand","embeddable":true,"href":"https:\/\/asso-emile.org\/communication\/wp-json\/wp\/v2\/product_brand?post=8348"},{"taxonomy":"product_cat","embeddable":true,"href":"https:\/\/asso-emile.org\/communication\/wp-json\/wp\/v2\/product_cat?post=8348"},{"taxonomy":"product_tag","embeddable":true,"href":"https:\/\/asso-emile.org\/communication\/wp-json\/wp\/v2\/product_tag?post=8348"}],"curies":[{"name":"wp","href":"https:\/\/api.w.org\/{rel}","templated":true}]}}