{"id":7295,"date":"2021-04-15T18:04:51","date_gmt":"2021-04-15T16:04:51","guid":{"rendered":"https:\/\/asso-emile.org\/communication\/?post_type=product&#038;p=7295"},"modified":"2021-10-13T15:48:10","modified_gmt":"2021-10-13T13:48:10","slug":"impact-de-lanthropisation-sur-la-biosphere","status":"publish","type":"product","link":"https:\/\/asso-emile.org\/communication\/produit\/impact-de-lanthropisation-sur-la-biosphere\/","title":{"rendered":"Impact de l&rsquo;anthropisation sur la biosph\u00e8re"},"content":{"rendered":"<p><strong>Quelques mots d\u2019Andr\u00e9 Prone :<\/strong><br \/>\n<div id=\"attachment_8352\" style=\"width: 160px\" class=\"wp-caption alignleft\"><img fetchpriority=\"high\" decoding=\"async\" width=\"319\" height=\"446\" aria-describedby=\"caption-attachment-8352\" src=\"https:\/\/asso-emile.org\/communication\/wp-content\/uploads\/2021\/04\/4-Photo-de-lauteur-Andre\u0301-Prone.jpg\" alt=\"\" class=\"size-full wp-image-8352\" srcset=\"https:\/\/asso-emile.org\/communication\/wp-content\/uploads\/2021\/04\/4-Photo-de-lauteur-Andre\u0301-Prone.jpg 319w, https:\/\/asso-emile.org\/communication\/wp-content\/uploads\/2021\/04\/4-Photo-de-lauteur-Andre\u0301-Prone-215x300.jpg 215w\" sizes=\"(max-width: 319px) 100vw, 319px\" \/><p id=\"caption-attachment-8352\" class=\"wp-caption-text\">Andr\u00e9 Prone<\/p><\/div>\u00abJe suis parti d\u2019un constat, celui de l\u2019impasse du syst\u00e8me productiviste dans lequel nous vivons.  C\u2019est apr\u00e8s la r\u00e9daction de plusieurs ouvrages qui abordent la relation entre  la production, l\u2019\u00eatre humain et l\u2019environnement naturel, que j\u2019\u2019ai pu annoncer, en ce qui me concerne, le concept \u00ab des communismes \u00bb. Ce concept regroupe d\u2019une part les besoins de l\u2019humain et d\u2019autre part la pr\u00e9servation des syst\u00e8mes \u00e9cosyst\u00e9miques indispensables \u00e0 la vie des hommes et des femmes, ce que Marx appelait \u00ab la condition g\u00e9n\u00e9rale du m\u00e9tabolisme entre l\u2019homme et la nature \u00bb. Cela revient \u00e0 montrer que le profit \u00e9tant le moteur fondamental de ce syst\u00e8me productiviste, la production qui y est mise en \u0153uvre se d\u00e9finit comme la production d\u2019une consommation qui d\u00e9finit les besoins \u00e0 la place des int\u00e9ress\u00e9s sans se soucier de leurs valeurs d\u2019usage. De plus, l\u2019accroissement des profits est li\u00e9 \u00e0 l\u2019\u00e9largissement sans limite de la production, ce que je nomme dans certains ouvrages : \u00ab la marchandisation absolue \u00bb.<\/p>\n<p>La place pour un meilleur \u00e9quilibre entre un syst\u00e8me capitaliste et l\u2019environnement ne peut \u00eatre qu\u2019illusion et propagande. La r\u00e9ponse ne peut venir que d\u2019un changement d\u2019un syst\u00e8me de production et de consommation qui respectent l\u2019Homme et la Nature. La fabrication des objets surfaits, r\u00e9pondant \u00e0 la soif de domination et aux d\u00e9sirs futiles de quelques-uns alors que la grande majorit\u00e9 des populations se retrouvent en dessous du seuil de pauvret\u00e9 ne peut se poursuivre \u00e9ternellement. Cette approche consum\u00e9riste ne r\u00e9pond ni aux progr\u00e8s humain, ni au respect de l\u2019environnement ! La solution r\u00e9side dans le fait de trouver un chemin collectif, capable de donner corps \u00e0 nos besoins fondamentaux tels que l\u2019amour, l\u2019amiti\u00e9, le partage, la fraternit\u00e9, la libert\u00e9, l\u2019\u00e9galit\u00e9, le savoir, l\u2019universalit\u00e9, auxquels s\u2019adossent nos besoins d\u2019autoconservation. Le tout devant \u00eatre en harmonie avec le milieu naturel. L\u2019impact de l\u2019anthropisation sur la biosph\u00e8re ne se limite pas \u00e0 des questions scientifiques mais \u00e0 tout un ensemble d\u2019interrogations politiques, \u00e9conomiques et sociales. Il s\u2019agit donc de comprendre \u00e0 quel point\u00ad\u00ad\u00ad\u00ad  nous devons changer notre fa\u00e7on de produire et de consommer pour ne pas hypoth\u00e9quer l\u2019avenir de l\u2019humanit\u00e9.\u00bb<\/p>\n","protected":false},"excerpt":{"rendered":"<p>L\u2019impact des activit\u00e9s anthropiques sur la biosph\u00e8re ne va pas sans poser en retour de nombreux probl\u00e8mes \u00e0 la communaut\u00e9 humaine qui se doit de les r\u00e9soudre.<br \/>\nLa vitesse de d\u00e9gradation des diff\u00e9rents milieux et ses cons\u00e9quences sur la biodiversit\u00e9, les propri\u00e9t\u00e9s fonctionnelles des divers organismes et le fonctionnement des \u00e9cosyst\u00e8mes, stimulent de nombreuses recherches.<br \/>\nDans certains domaines, ces recherches nous montrent que des rem\u00e9diations sont possibles.<br \/>\nMais il nous faut aussi agir pr\u00e9ventivement en changeant les bases de d\u00e9veloppement \u00e9conomique, social et culturel du syst\u00e8me productiviste et mondialis\u00e9 actuel avec la perspective de maintenir un \u00e9quilibre entre l\u2019homme et la nature.<br \/>\nCe  livre  collectif,  sous  la  direction d\u2019Andr\u00e9 Prone, expert g\u00e9ologue, environnementaliste et essayiste, mobilise 20 acteurs de la recherche scientifique (pour la plupart d\u2019entre eux membres du Conseil scientifique du Mouvement National de Lutte pour l\u2019Environnement  \u2013  R\u00e9seau  Homme&#038;Nature)  qui se proposent, \u00e0 partir d\u2019une s\u00e9rie d\u2019articles dans  le  domaine de l\u2019Eau,  du  Sol,  du  Climat  et  de  la Biodiversit\u00e9,  de  contribuer au d\u00e9bat ouvert par le Congr\u00e8s Mondial de la Nature (Marseille 2021).<br \/>\nAvec justesse, leur d\u00e9marche \u00e9clair\u00e9e s\u2019\u00e9vertue \u00e0 mettre \u00e0 la port\u00e9e de tous des bases de r\u00e9flexions scientifiquement sourc\u00e9es s\u2019appuyant le plus souvent sur leur propre th\u00e9matique de recherche et leurs connaissances dans le domaine g\u00e9n\u00e9ral du fonctionnement des \u00e9cosyst\u00e8mes. <\/p>\n","protected":false},"featured_media":8293,"comment_status":"open","ping_status":"closed","template":"","meta":[],"product_brand":[],"product_cat":[20],"product_tag":[],"class_list":{"0":"post-7295","1":"product","2":"type-product","3":"status-publish","4":"has-post-thumbnail","6":"product_cat-livres","7":"post","8":"post-with-thumbnail","9":"post-with-thumbnail-large","11":"first","12":"instock","13":"shipping-taxable","14":"purchasable","15":"product-type-simple"},"_links":{"self":[{"href":"https:\/\/asso-emile.org\/communication\/wp-json\/wp\/v2\/product\/7295","targetHints":{"allow":["GET"]}}],"collection":[{"href":"https:\/\/asso-emile.org\/communication\/wp-json\/wp\/v2\/product"}],"about":[{"href":"https:\/\/asso-emile.org\/communication\/wp-json\/wp\/v2\/types\/product"}],"replies":[{"embeddable":true,"href":"https:\/\/asso-emile.org\/communication\/wp-json\/wp\/v2\/comments?post=7295"}],"wp:featuredmedia":[{"embeddable":true,"href":"https:\/\/asso-emile.org\/communication\/wp-json\/wp\/v2\/media\/8293"}],"wp:attachment":[{"href":"https:\/\/asso-emile.org\/communication\/wp-json\/wp\/v2\/media?parent=7295"}],"wp:term":[{"taxonomy":"product_brand","embeddable":true,"href":"https:\/\/asso-emile.org\/communication\/wp-json\/wp\/v2\/product_brand?post=7295"},{"taxonomy":"product_cat","embeddable":true,"href":"https:\/\/asso-emile.org\/communication\/wp-json\/wp\/v2\/product_cat?post=7295"},{"taxonomy":"product_tag","embeddable":true,"href":"https:\/\/asso-emile.org\/communication\/wp-json\/wp\/v2\/product_tag?post=7295"}],"curies":[{"name":"wp","href":"https:\/\/api.w.org\/{rel}","templated":true}]}}