{"id":354,"date":"2019-11-18T19:37:09","date_gmt":"2019-11-18T18:37:09","guid":{"rendered":"https:\/\/asso-emile.org\/communication\/?post_type=product&#038;p=354"},"modified":"2021-10-04T21:59:49","modified_gmt":"2021-10-04T19:59:49","slug":"mortelles-dedicaces","status":"publish","type":"product","link":"https:\/\/asso-emile.org\/communication\/produit\/mortelles-dedicaces\/","title":{"rendered":"Mortelles D\u00e9dicaces"},"content":{"rendered":"","protected":false},"excerpt":{"rendered":"<p>Ce n\u2019est pas tous les jours qu\u2019un \u00e9crivain c\u00e9l\u00e8bre, star des plateaux t\u00e9l\u00e9, est assassin\u00e9 en plein salon du livre. Le capitaine Maris et son \u00e9quipe sont en charge de l\u2019enqu\u00eate. Ils vont c\u00f4toyer le milieu de l\u2019\u00e9dition o\u00f9 la concurrence est rude, d\u00e9couvrir des histoires d\u2019amour qui se terminent plus ou moins bien. L\u2019antisp\u00e9cisme et les manifestations devant Marineland seront aussi \u00e0 leur menu tout comme quelques sp\u00e9cialit\u00e9s culinaires parisiennes et du sud. Paris, la Nouvelle-Z\u00e9lande et Antibes-Juan-Les-Pins serviront de d\u00e9cors \u00e0 cette aventure.<\/p>\n<p>&nbsp;<\/p>\n<p><img fetchpriority=\"high\" decoding=\"async\" class=\"alignleft size-medium wp-image-356\" src=\"https:\/\/asso-emile.org\/communication\/wp-content\/uploads\/2019\/11\/Gerard-Piel-228x300.jpg\" alt=\"\" width=\"228\" height=\"300\" srcset=\"https:\/\/asso-emile.org\/communication\/wp-content\/uploads\/2019\/11\/Gerard-Piel-228x300.jpg 228w, https:\/\/asso-emile.org\/communication\/wp-content\/uploads\/2019\/11\/Gerard-Piel-600x791.jpg 600w, https:\/\/asso-emile.org\/communication\/wp-content\/uploads\/2019\/11\/Gerard-Piel.jpg 698w\" sizes=\"(max-width: 228px) 100vw, 228px\" \/><\/p>\n<p>Apr\u00e8s Bien mal acquis, Les Loups du Verdon et Boucherie 88 G\u00e9rard Piel explore de nouveaux \u00e9cosyst\u00e8mes, il gratte le sectarisme de certains, se paye la riche bourgeoisie locale, et invente des histoires d\u2019amour singuli\u00e8res. Ce nouvel \u00e9pisode de la bande \u00e0 Maris vous r\u00e9serve d\u2019autres surprises savoureuses.<\/p>\n<p>&nbsp;<\/p>\n<p>&nbsp;<\/p>\n<p>&nbsp;<\/p>\n<p>&nbsp;<\/p>\n<p>&nbsp;<\/p>\n","protected":false},"featured_media":355,"comment_status":"open","ping_status":"closed","template":"","meta":[],"product_brand":[],"product_cat":[20],"product_tag":[],"class_list":{"0":"post-354","1":"product","2":"type-product","3":"status-publish","4":"has-post-thumbnail","6":"product_cat-livres","7":"post","8":"post-with-thumbnail","9":"post-with-thumbnail-large","11":"first","12":"instock","13":"shipping-taxable","14":"purchasable","15":"product-type-simple"},"_links":{"self":[{"href":"https:\/\/asso-emile.org\/communication\/wp-json\/wp\/v2\/product\/354","targetHints":{"allow":["GET"]}}],"collection":[{"href":"https:\/\/asso-emile.org\/communication\/wp-json\/wp\/v2\/product"}],"about":[{"href":"https:\/\/asso-emile.org\/communication\/wp-json\/wp\/v2\/types\/product"}],"replies":[{"embeddable":true,"href":"https:\/\/asso-emile.org\/communication\/wp-json\/wp\/v2\/comments?post=354"}],"wp:featuredmedia":[{"embeddable":true,"href":"https:\/\/asso-emile.org\/communication\/wp-json\/wp\/v2\/media\/355"}],"wp:attachment":[{"href":"https:\/\/asso-emile.org\/communication\/wp-json\/wp\/v2\/media?parent=354"}],"wp:term":[{"taxonomy":"product_brand","embeddable":true,"href":"https:\/\/asso-emile.org\/communication\/wp-json\/wp\/v2\/product_brand?post=354"},{"taxonomy":"product_cat","embeddable":true,"href":"https:\/\/asso-emile.org\/communication\/wp-json\/wp\/v2\/product_cat?post=354"},{"taxonomy":"product_tag","embeddable":true,"href":"https:\/\/asso-emile.org\/communication\/wp-json\/wp\/v2\/product_tag?post=354"}],"curies":[{"name":"wp","href":"https:\/\/api.w.org\/{rel}","templated":true}]}}