{"id":350,"date":"2019-11-18T15:40:39","date_gmt":"2019-11-18T14:40:39","guid":{"rendered":"https:\/\/asso-emile.org\/communication\/?post_type=product&#038;p=350"},"modified":"2021-10-04T22:00:09","modified_gmt":"2021-10-04T20:00:09","slug":"pour-qui-souffle-le-vent","status":"publish","type":"product","link":"https:\/\/asso-emile.org\/communication\/produit\/pour-qui-souffle-le-vent\/","title":{"rendered":"Pour qui souffle le vent"},"content":{"rendered":"<p><strong>Mot de l\u2019auteur :<\/strong><\/p>\n<p>La transition \u00e9nerg\u00e9tique passe par le remplacement des \u00e9nergies fossiles par les \u00e9nergies renouvelables. Mais il est simpliste de la limiter \u00e0 cela ! Il est n\u00e9cessaire de penser dans la transition \u00e9nerg\u00e9tique le temps n\u00e9cessaire pour inventer une nouvelle soci\u00e9t\u00e9, de nouvelles pratiques, de nouveaux rapports sociaux, et renouer avec la nature.<br \/>\nEn France, une production d\u2019\u00e9lectricit\u00e9 coh\u00e9rente, juste et respectueuse de l\u2019environnement, passe par une alliance entre le nucl\u00e9aire et l\u2019ensemble des \u00e9nergies renouvelables, et par une r\u00e9novation du service public.<br \/>\nCertes, dans les prochaines d\u00e9cennies, la demande globale en \u00e9nergie va continuer d\u2019augmenter, et la contribution des \u00e9nergies renouvelables restera faible et avec un impact financier important. Mais une autre fa\u00e7on de produire les \u00e9nergies renouvelables intermittentes est in\u00e9vitable.<br \/>\nR\u00e9ussir la transition \u00e9nerg\u00e9tique c\u2019est donner aux g\u00e9n\u00e9rations futures un monde apais\u00e9 et moins in\u00e9galitaire en leur laissant le choix des modes futurs de production des \u00e9nergies.<\/p>\n","protected":false},"excerpt":{"rendered":"<p><u>Pour qui souffle le vent ?<\/u> am\u00e8ne le lecteur \u00e0 la d\u00e9couverte de la r\u00e9alit\u00e9 \u00e9olienne, sans a priori id\u00e9ologique. Mais c\u2019est sans concessions qu\u2019il en aborde tous les aspects\u00a0: gestion de son intermittence, impacts environnementaux et sociaux, co\u00fbts, b\u00e9n\u00e9fices, r\u00e9formes n\u00e9cessaires&#8230; \u00e0 travers l\u2019\u00e9olien, c\u2019est \u00e0 la question globale de l\u2019\u00e9nergie renouvelable que l\u2019auteur invite \u00e0 r\u00e9fl\u00e9chir.<\/p>\n<p>&nbsp;<\/p>\n<p><img fetchpriority=\"high\" decoding=\"async\" class=\"size-medium wp-image-352 alignleft\" src=\"https:\/\/asso-emile.org\/communication\/wp-content\/uploads\/2019\/11\/F.Cosserat-200x300.jpg\" alt=\"\" width=\"200\" height=\"300\" srcset=\"https:\/\/asso-emile.org\/communication\/wp-content\/uploads\/2019\/11\/F.Cosserat-200x300.jpg 200w, https:\/\/asso-emile.org\/communication\/wp-content\/uploads\/2019\/11\/F.Cosserat-683x1024.jpg 683w, https:\/\/asso-emile.org\/communication\/wp-content\/uploads\/2019\/11\/F.Cosserat-768x1152.jpg 768w, https:\/\/asso-emile.org\/communication\/wp-content\/uploads\/2019\/11\/F.Cosserat-600x900.jpg 600w, https:\/\/asso-emile.org\/communication\/wp-content\/uploads\/2019\/11\/F.Cosserat.jpg 950w\" sizes=\"(max-width: 200px) 100vw, 200px\" \/><\/p>\n<p>Enseignant, \u00e9lu local, militant, consultant, ce physicien de formation a engrang\u00e9 de nombreuses exp\u00e9riences. Rest\u00e9 longtemps Pr\u00e9sident du MNLE, Mouvement National de Lutte pour l\u2019Environnement, R\u00e9seau Homme &amp; Nature, il avait \u00e0 c\u0153ur d\u2019inform\u00e9 en mati\u00e8re de protection de l\u2019environnement dans l\u2019optique de pousser \u00e0 la r\u00e9flexion et aux d\u00e9bats d\u2019id\u00e9es.<\/p>\n<p>&nbsp;<\/p>\n<p>&nbsp;<\/p>\n<p>&nbsp;<\/p>\n<p>&nbsp;<\/p>\n","protected":false},"featured_media":351,"comment_status":"open","ping_status":"closed","template":"","meta":[],"product_brand":[],"product_cat":[20],"product_tag":[],"class_list":{"0":"post-350","1":"product","2":"type-product","3":"status-publish","4":"has-post-thumbnail","6":"product_cat-livres","7":"post","8":"post-with-thumbnail","9":"post-with-thumbnail-large","11":"first","12":"instock","13":"shipping-taxable","14":"purchasable","15":"product-type-simple"},"_links":{"self":[{"href":"https:\/\/asso-emile.org\/communication\/wp-json\/wp\/v2\/product\/350","targetHints":{"allow":["GET"]}}],"collection":[{"href":"https:\/\/asso-emile.org\/communication\/wp-json\/wp\/v2\/product"}],"about":[{"href":"https:\/\/asso-emile.org\/communication\/wp-json\/wp\/v2\/types\/product"}],"replies":[{"embeddable":true,"href":"https:\/\/asso-emile.org\/communication\/wp-json\/wp\/v2\/comments?post=350"}],"wp:featuredmedia":[{"embeddable":true,"href":"https:\/\/asso-emile.org\/communication\/wp-json\/wp\/v2\/media\/351"}],"wp:attachment":[{"href":"https:\/\/asso-emile.org\/communication\/wp-json\/wp\/v2\/media?parent=350"}],"wp:term":[{"taxonomy":"product_brand","embeddable":true,"href":"https:\/\/asso-emile.org\/communication\/wp-json\/wp\/v2\/product_brand?post=350"},{"taxonomy":"product_cat","embeddable":true,"href":"https:\/\/asso-emile.org\/communication\/wp-json\/wp\/v2\/product_cat?post=350"},{"taxonomy":"product_tag","embeddable":true,"href":"https:\/\/asso-emile.org\/communication\/wp-json\/wp\/v2\/product_tag?post=350"}],"curies":[{"name":"wp","href":"https:\/\/api.w.org\/{rel}","templated":true}]}}