{"id":15162,"date":"2022-09-15T22:22:46","date_gmt":"2022-09-15T20:22:46","guid":{"rendered":"https:\/\/asso-emile.org\/communication\/?post_type=product&#038;p=15162"},"modified":"2023-11-08T22:38:09","modified_gmt":"2023-11-08T21:38:09","slug":"lenfant-de-djambala-et-limpunite-au-visage-masque","status":"publish","type":"product","link":"https:\/\/asso-emile.org\/communication\/produit\/lenfant-de-djambala-et-limpunite-au-visage-masque\/","title":{"rendered":"L&rsquo;Enfant de Djambala et l&rsquo;impunit\u00e9 au visage masqu\u00e9"},"content":{"rendered":"<p>De Pierre Gbolo<\/p>\n","protected":false},"excerpt":{"rendered":"<p>Pourquoi cet homme enl\u00e8ve t\u2019il les casquettes sur la t\u00eate des enfants ?<\/p>\n<p>Pourquoi les policiers n\u2019ont-ils pas emprisonn\u00e9 le voleur qui a \u00e9t\u00e9 attrap\u00e9 et conduit au commissariat par les gens du quartier ?<\/p>\n<p>Dans ce monde, certaines personnes, toutes cat\u00e9gories sociales et professionnelles confondues, pensent qu\u2019elles sont intouchables, elles agissent comme des cam\u00e9l\u00e9ons, le<br \/>\nvisage masqu\u00e9, \u00e9vitant ainsi toutes sortes de sanctions.<\/p>\n<p>M\u00eame si elles sont prises la main au collet, elles sont capables de tout nier.<\/p>\n","protected":false},"featured_media":15163,"comment_status":"open","ping_status":"closed","template":"","meta":[],"product_brand":[],"product_cat":[20],"product_tag":[29],"class_list":{"0":"post-15162","1":"product","2":"type-product","3":"status-publish","4":"has-post-thumbnail","6":"product_cat-livres","7":"product_tag-romans","8":"post","9":"post-with-thumbnail","10":"post-with-thumbnail-large","12":"first","13":"instock","14":"shipping-taxable","15":"purchasable","16":"product-type-simple"},"_links":{"self":[{"href":"https:\/\/asso-emile.org\/communication\/wp-json\/wp\/v2\/product\/15162","targetHints":{"allow":["GET"]}}],"collection":[{"href":"https:\/\/asso-emile.org\/communication\/wp-json\/wp\/v2\/product"}],"about":[{"href":"https:\/\/asso-emile.org\/communication\/wp-json\/wp\/v2\/types\/product"}],"replies":[{"embeddable":true,"href":"https:\/\/asso-emile.org\/communication\/wp-json\/wp\/v2\/comments?post=15162"}],"wp:featuredmedia":[{"embeddable":true,"href":"https:\/\/asso-emile.org\/communication\/wp-json\/wp\/v2\/media\/15163"}],"wp:attachment":[{"href":"https:\/\/asso-emile.org\/communication\/wp-json\/wp\/v2\/media?parent=15162"}],"wp:term":[{"taxonomy":"product_brand","embeddable":true,"href":"https:\/\/asso-emile.org\/communication\/wp-json\/wp\/v2\/product_brand?post=15162"},{"taxonomy":"product_cat","embeddable":true,"href":"https:\/\/asso-emile.org\/communication\/wp-json\/wp\/v2\/product_cat?post=15162"},{"taxonomy":"product_tag","embeddable":true,"href":"https:\/\/asso-emile.org\/communication\/wp-json\/wp\/v2\/product_tag?post=15162"}],"curies":[{"name":"wp","href":"https:\/\/api.w.org\/{rel}","templated":true}]}}