{"id":13853,"date":"2022-07-20T00:11:05","date_gmt":"2022-07-19T22:11:05","guid":{"rendered":"https:\/\/asso-emile.org\/communication\/?post_type=product&#038;p=13853"},"modified":"2023-05-03T00:22:15","modified_gmt":"2023-05-02T22:22:15","slug":"leau-dans-tous-ses-etats","status":"publish","type":"product","link":"https:\/\/asso-emile.org\/communication\/produit\/leau-dans-tous-ses-etats\/","title":{"rendered":"L&rsquo;Eau dans tous ses \u00e9tats"},"content":{"rendered":"<p>Le MNLE a \u00e9t\u00e9 cr\u00e9\u00e9 au d\u00e9but des ann\u00e9es 1980 par la volont\u00e9 d\u2019\u00e9lus, de syndicalistes et de scientifiques souhaitant l\u2019existence, au niveau national, d\u2019une association d\u00e9fendant l\u2019Environnement sans l\u2019opposer au progr\u00e8s technique et surtout humain. Cette volont\u00e9 de placer l\u2019humain au centre des r\u00e9flexions, alli\u00e9e \u00e0 la recherche d\u2019une grande rigueur scientifique font du MNLE un mouvement unique parmi les nombreuses associations se pr\u00e9occupent de l\u2019Environnement.<\/p>\n","protected":false},"excerpt":{"rendered":"<p>L\u2019Eau est devenue un des principaux enjeux du XXI\u00e8me si\u00e8cle. La seconde moiti\u00e9 du si\u00e8cle pr\u00e9c\u00e9dent nous a l\u00e9gu\u00e9 des milieux naturels aquatiques d\u00e9grad\u00e9s, fragilis\u00e9s, ass\u00e9ch\u00e9s et pollu\u00e9s\u2026 L\u2019Eau est devenue une marchandise que les soci\u00e9t\u00e9s priv\u00e9es accaparent et monnayent, que ce soit pour les besoins domestiques, pour l\u2019industrie, pour l\u2019\u00e9nergie ou pour l\u2019agriculture. Pour changer la donne, il faudrait que les consommateurs, les usagers, les \u00e9cocitoyens se r\u00e9approprient ce \u00ab bien commun \u00bb et le g\u00e8rent de fa\u00e7on v\u00e9ritablement d\u00e9mocratique et totalement \u00e9cologique. L\u2019Eau n\u2019est pas une marchandise mais un \u00ab bien commun \u00bb, source de vie.<\/p>\n","protected":false},"featured_media":13857,"comment_status":"open","ping_status":"closed","template":"","meta":[],"product_brand":[],"product_cat":[20],"product_tag":[],"class_list":{"0":"post-13853","1":"product","2":"type-product","3":"status-publish","4":"has-post-thumbnail","6":"product_cat-livres","7":"post","8":"post-with-thumbnail","9":"post-with-thumbnail-large","11":"first","12":"instock","13":"shipping-taxable","14":"purchasable","15":"product-type-simple"},"_links":{"self":[{"href":"https:\/\/asso-emile.org\/communication\/wp-json\/wp\/v2\/product\/13853","targetHints":{"allow":["GET"]}}],"collection":[{"href":"https:\/\/asso-emile.org\/communication\/wp-json\/wp\/v2\/product"}],"about":[{"href":"https:\/\/asso-emile.org\/communication\/wp-json\/wp\/v2\/types\/product"}],"replies":[{"embeddable":true,"href":"https:\/\/asso-emile.org\/communication\/wp-json\/wp\/v2\/comments?post=13853"}],"wp:featuredmedia":[{"embeddable":true,"href":"https:\/\/asso-emile.org\/communication\/wp-json\/wp\/v2\/media\/13857"}],"wp:attachment":[{"href":"https:\/\/asso-emile.org\/communication\/wp-json\/wp\/v2\/media?parent=13853"}],"wp:term":[{"taxonomy":"product_brand","embeddable":true,"href":"https:\/\/asso-emile.org\/communication\/wp-json\/wp\/v2\/product_brand?post=13853"},{"taxonomy":"product_cat","embeddable":true,"href":"https:\/\/asso-emile.org\/communication\/wp-json\/wp\/v2\/product_cat?post=13853"},{"taxonomy":"product_tag","embeddable":true,"href":"https:\/\/asso-emile.org\/communication\/wp-json\/wp\/v2\/product_tag?post=13853"}],"curies":[{"name":"wp","href":"https:\/\/api.w.org\/{rel}","templated":true}]}}