{"id":41,"date":"2016-06-14T16:08:18","date_gmt":"2016-06-14T14:08:18","guid":{"rendered":"http:\/\/asso-emile.org\/communication\/?page_id=41"},"modified":"2016-06-15T17:00:21","modified_gmt":"2016-06-15T15:00:21","slug":"communication-imprimee","status":"publish","type":"page","link":"https:\/\/asso-emile.org\/communication\/communication-imprimee\/","title":{"rendered":"Communication Imprim\u00e9e (flyers, affiche, revue, livre etc..)"},"content":{"rendered":"<div id=\"pl-41\"  class=\"panel-layout\" ><div id=\"pg-41-0\"  class=\"panel-grid panel-no-style\" ><div id=\"pgc-41-0-0\"  class=\"panel-grid-cell\" ><div id=\"panel-41-0-0-0\" class=\"so-panel widget widget_sow-editor panel-first-child\" data-index=\"0\" ><div\n\t\t\t\n\t\t\tclass=\"so-widget-sow-editor so-widget-sow-editor-base\"\n\t\t\t\n\t\t>\n<div class=\"siteorigin-widget-tinymce textwidget\">\n\t<p style=\"text-align: center;\"><span style=\"font-size: large;\">D\u00e9clin\u00e9e sur diff\u00e9rents supports tels que la carte de visite, le flyer, la plaquette ou l\u2018affiche, votre identit\u00e9 visuelle se reconnait au premier coup d\u2018oeil et touche sa cible efficacement. <\/span><\/p>\n<p style=\"text-align: center;\"><span style=\"font-size: large;\">Vous avez un projet d\u2019\u00e9criture, vous \u00eates un auteur et vous avez d\u00e9j\u00e0 \u00e9crit votre manuscrit ?<br \/>\nNous pouvons nous charger de sa mise page.<\/span><\/p>\n<\/div>\n<\/div><\/div><div id=\"panel-41-0-0-1\" class=\"so-panel widget widget_sow-image panel-last-child\" data-index=\"1\" ><div\n\t\t\t\n\t\t\tclass=\"so-widget-sow-image so-widget-sow-image-default-c67d20f9f743-41\"\n\t\t\t\n\t\t>\n<div class=\"sow-image-container\">\n\t\t<img fetchpriority=\"high\" \n\tsrc=\"https:\/\/asso-emile.org\/communication\/wp-content\/uploads\/2016\/06\/Com-imprimee.jpg\" width=\"1886\" height=\"1643\" srcset=\"https:\/\/asso-emile.org\/communication\/wp-content\/uploads\/2016\/06\/Com-imprimee.jpg 1886w, https:\/\/asso-emile.org\/communication\/wp-content\/uploads\/2016\/06\/Com-imprimee-600x523.jpg 600w, https:\/\/asso-emile.org\/communication\/wp-content\/uploads\/2016\/06\/Com-imprimee-300x261.jpg 300w, https:\/\/asso-emile.org\/communication\/wp-content\/uploads\/2016\/06\/Com-imprimee-768x669.jpg 768w, https:\/\/asso-emile.org\/communication\/wp-content\/uploads\/2016\/06\/Com-imprimee-1024x892.jpg 1024w\" sizes=\"(max-width: 1886px) 100vw, 1886px\" title=\"Com imprimee\" alt=\"\" \t\tclass=\"so-widget-image\"\/>\n\t<\/div>\n\n<\/div><\/div><\/div><\/div><div id=\"pg-41-1\"  class=\"panel-grid panel-no-style\" ><div id=\"pgc-41-1-0\"  class=\"panel-grid-cell\" ><div id=\"panel-41-1-0-0\" class=\"so-panel widget widget_sow-image panel-first-child panel-last-child\" data-index=\"2\" ><div\n\t\t\t\n\t\t\tclass=\"so-widget-sow-image so-widget-sow-image-default-8b5b6f678277-41\"\n\t\t\t\n\t\t>\n<div class=\"sow-image-container\">\n\t\t<img \n\tsrc=\"https:\/\/asso-emile.org\/communication\/wp-content\/uploads\/2016\/06\/livres.jpg\" width=\"1484\" height=\"1278\" srcset=\"https:\/\/asso-emile.org\/communication\/wp-content\/uploads\/2016\/06\/livres.jpg 1484w, https:\/\/asso-emile.org\/communication\/wp-content\/uploads\/2016\/06\/livres-600x517.jpg 600w, https:\/\/asso-emile.org\/communication\/wp-content\/uploads\/2016\/06\/livres-300x258.jpg 300w, https:\/\/asso-emile.org\/communication\/wp-content\/uploads\/2016\/06\/livres-768x661.jpg 768w, https:\/\/asso-emile.org\/communication\/wp-content\/uploads\/2016\/06\/livres-1024x882.jpg 1024w\" sizes=\"(max-width: 1484px) 100vw, 1484px\" alt=\"\" \t\tclass=\"so-widget-image\"\/>\n\t<\/div>\n\n<\/div><\/div><\/div><div id=\"pgc-41-1-1\"  class=\"panel-grid-cell\" ><div id=\"panel-41-1-1-0\" class=\"so-panel widget widget_sow-image panel-first-child panel-last-child\" data-index=\"3\" ><div\n\t\t\t\n\t\t\tclass=\"so-widget-sow-image so-widget-sow-image-default-8b5b6f678277-41\"\n\t\t\t\n\t\t>\n<div class=\"sow-image-container\">\n\t\t<img \n\tsrc=\"https:\/\/asso-emile.org\/communication\/wp-content\/uploads\/2016\/06\/d\u00e9pliantsrevue.jpg\" width=\"1906\" height=\"1630\" srcset=\"https:\/\/asso-emile.org\/communication\/wp-content\/uploads\/2016\/06\/d\u00e9pliantsrevue.jpg 1906w, https:\/\/asso-emile.org\/communication\/wp-content\/uploads\/2016\/06\/d\u00e9pliantsrevue-600x513.jpg 600w, https:\/\/asso-emile.org\/communication\/wp-content\/uploads\/2016\/06\/d\u00e9pliantsrevue-300x257.jpg 300w, https:\/\/asso-emile.org\/communication\/wp-content\/uploads\/2016\/06\/d\u00e9pliantsrevue-768x657.jpg 768w, https:\/\/asso-emile.org\/communication\/wp-content\/uploads\/2016\/06\/d\u00e9pliantsrevue-1024x876.jpg 1024w\" sizes=\"(max-width: 1906px) 100vw, 1906px\" alt=\"\" \t\tclass=\"so-widget-image\"\/>\n\t<\/div>\n\n<\/div><\/div><\/div><\/div><div id=\"pg-41-2\"  class=\"panel-grid panel-no-style\" ><div id=\"pgc-41-2-0\"  class=\"panel-grid-cell\" ><div id=\"panel-41-2-0-0\" class=\"so-panel widget widget_text panel-first-child panel-last-child\" data-index=\"4\" ><h3 class=\"widget-title\">Demander un devis gratuit<\/h3>\t\t\t<div class=\"textwidget\">\n<div class=\"wpcf7 no-js\" id=\"wpcf7-f16-o1\" lang=\"fr-FR\" dir=\"ltr\" data-wpcf7-id=\"16\">\n<div class=\"screen-reader-response\"><p role=\"status\" aria-live=\"polite\" aria-atomic=\"true\"><\/p> <ul><\/ul><\/div>\n<form action=\"\/communication\/wp-json\/wp\/v2\/pages\/41#wpcf7-f16-o1\" method=\"post\" class=\"wpcf7-form init\" aria-label=\"Formulaire de contact\" novalidate=\"novalidate\" data-status=\"init\">\n<fieldset class=\"hidden-fields-container\"><input type=\"hidden\" name=\"_wpcf7\" value=\"16\" \/><input type=\"hidden\" name=\"_wpcf7_version\" value=\"6.1.5\" \/><input type=\"hidden\" name=\"_wpcf7_locale\" value=\"fr_FR\" \/><input type=\"hidden\" name=\"_wpcf7_unit_tag\" value=\"wpcf7-f16-o1\" \/><input type=\"hidden\" name=\"_wpcf7_container_post\" value=\"0\" \/><input type=\"hidden\" name=\"_wpcf7_posted_data_hash\" value=\"\" \/><input type=\"hidden\" name=\"_wpcf7_recaptcha_response\" value=\"\" \/>\n<\/fieldset>\n<p>Les champs marqu\u00e9 d'un * sont requis\n<\/p>\n<p>Votre nom*\n<\/p>\n<p><span class=\"wpcf7-form-control-wrap\" data-name=\"your-name\"><input size=\"40\" maxlength=\"400\" class=\"wpcf7-form-control wpcf7-text wpcf7-validates-as-required\" aria-required=\"true\" aria-invalid=\"false\" value=\"\" type=\"text\" name=\"your-name\" \/><\/span>\n<\/p>\n<p>Votre email*\n<\/p>\n<p><span class=\"wpcf7-form-control-wrap\" data-name=\"your-email\"><input size=\"40\" maxlength=\"400\" class=\"wpcf7-form-control wpcf7-email wpcf7-validates-as-required wpcf7-text wpcf7-validates-as-email\" aria-required=\"true\" aria-invalid=\"false\" value=\"\" type=\"email\" name=\"your-email\" \/><\/span>\n<\/p>\n<p>Votre t\u00e9l\u00e9phone\n<\/p>\n<p><span class=\"wpcf7-form-control-wrap\" data-name=\"tel-31\"><input size=\"40\" maxlength=\"400\" class=\"wpcf7-form-control wpcf7-tel wpcf7-text wpcf7-validates-as-tel\" aria-invalid=\"false\" value=\"\" type=\"tel\" name=\"tel-31\" \/><\/span>\n<\/p>\n<p>Sujet*\n<\/p>\n<p><span class=\"wpcf7-form-control-wrap\" data-name=\"your-subject\"><input size=\"40\" maxlength=\"400\" class=\"wpcf7-form-control wpcf7-text wpcf7-validates-as-required\" aria-required=\"true\" aria-invalid=\"false\" value=\"\" type=\"text\" name=\"your-subject\" \/><\/span>\n<\/p>\n<p>D\u00e9crivez votre demande*\n<\/p>\n<p><span class=\"wpcf7-form-control-wrap\" data-name=\"your-message\"><textarea cols=\"40\" rows=\"10\" maxlength=\"2000\" class=\"wpcf7-form-control wpcf7-textarea wpcf7-validates-as-required\" aria-required=\"true\" aria-invalid=\"false\" name=\"your-message\"><\/textarea><\/span>\n<\/p>\n<p><span id=\"wpcf7-69fb2e38261cd-wrapper\" class=\"wpcf7-form-control-wrap abracada4-wrap\" style=\"display:none !important; visibility:hidden !important;\"><label for=\"wpcf7-69fb2e38261cd-field\" class=\"hp-message\">Veuillez laisser ce champ vide.<\/label><input id=\"wpcf7-69fb2e38261cd-field\"  class=\"wpcf7-form-control wpcf7-text\" type=\"text\" name=\"abracada4\" value=\"\" size=\"40\" tabindex=\"-1\" autocomplete=\"new-password\" \/><\/span>\n<\/p>\n\n<p><input class=\"wpcf7-form-control wpcf7-submit has-spinner\" type=\"submit\" value=\"Envoyer\" \/>\n<\/p><p style=\"display: none !important;\" class=\"akismet-fields-container\" data-prefix=\"_wpcf7_ak_\"><label>&#916;<textarea name=\"_wpcf7_ak_hp_textarea\" cols=\"45\" rows=\"8\" maxlength=\"100\"><\/textarea><\/label><input type=\"hidden\" id=\"ak_js_1\" name=\"_wpcf7_ak_js\" value=\"128\"\/><script>document.getElementById( \"ak_js_1\" ).setAttribute( \"value\", ( new Date() ).getTime() );<\/script><\/p><div class=\"wpcf7-response-output\" aria-hidden=\"true\"><\/div>\n<\/form>\n<\/div>\n<\/div>\n\t\t<\/div><\/div><\/div><\/div>","protected":false},"excerpt":{"rendered":"<p>D\u00e9clin\u00e9e sur diff\u00e9rents supports tels que la carte de visite, le flyer, la plaquette ou l\u2018affiche, votre identit\u00e9 visuelle se reconnait au premier coup d\u2018oeil et touche sa cible efficacement.<\/p>\n","protected":false},"author":1,"featured_media":0,"parent":0,"menu_order":0,"comment_status":"closed","ping_status":"closed","template":"","meta":{"footnotes":""},"class_list":["post-41","page","type-page","status-publish","hentry","post"],"_links":{"self":[{"href":"https:\/\/asso-emile.org\/communication\/wp-json\/wp\/v2\/pages\/41","targetHints":{"allow":["GET"]}}],"collection":[{"href":"https:\/\/asso-emile.org\/communication\/wp-json\/wp\/v2\/pages"}],"about":[{"href":"https:\/\/asso-emile.org\/communication\/wp-json\/wp\/v2\/types\/page"}],"author":[{"embeddable":true,"href":"https:\/\/asso-emile.org\/communication\/wp-json\/wp\/v2\/users\/1"}],"replies":[{"embeddable":true,"href":"https:\/\/asso-emile.org\/communication\/wp-json\/wp\/v2\/comments?post=41"}],"version-history":[{"count":6,"href":"https:\/\/asso-emile.org\/communication\/wp-json\/wp\/v2\/pages\/41\/revisions"}],"predecessor-version":[{"id":76,"href":"https:\/\/asso-emile.org\/communication\/wp-json\/wp\/v2\/pages\/41\/revisions\/76"}],"wp:attachment":[{"href":"https:\/\/asso-emile.org\/communication\/wp-json\/wp\/v2\/media?parent=41"}],"curies":[{"name":"wp","href":"https:\/\/api.w.org\/{rel}","templated":true}]}}